{"id":7479,"date":"2025-01-12T09:07:14","date_gmt":"2025-01-12T08:07:14","guid":{"rendered":"https:\/\/wavethru.oilinwater.dev\/nous-contacter\/"},"modified":"2026-01-13T09:52:01","modified_gmt":"2026-01-13T08:52:01","slug":"nous-contacter","status":"publish","type":"page","link":"https:\/\/wavethru.eu\/fr\/nous-contacter\/","title":{"rendered":"Nous contacter"},"content":{"rendered":"\t\t<div data-elementor-type=\"wp-page\" data-elementor-id=\"7479\" class=\"elementor elementor-7479 elementor-622\" data-elementor-post-type=\"page\">\n\t\t\t\t<div class=\"elementor-element elementor-element-683cea8 e-con-full e-flex e-con e-parent\" data-id=\"683cea8\" data-element_type=\"container\" data-e-type=\"container\">\n\t\t\t\t<div class=\"elementor-element elementor-element-7aa622f elementor-widget elementor-widget-ucaddon_split_hero\" data-id=\"7aa622f\" data-element_type=\"widget\" data-e-type=\"widget\" data-widget_type=\"ucaddon_split_hero.default\">\n\t\t\t\t<div class=\"elementor-widget-container\">\n\t\t\t\t\t\n<!-- start Split Hero -->\n\t\t<link id='font-awesome-css' href='https:\/\/wavethru.eu\/wp-content\/plugins\/unlimited-elements-for-elementor-premium\/assets_libraries\/font-awesome6\/fontawesome-all.min.css' type='text\/css' rel='stylesheet' >\n\t\t<link id='font-awesome-4-shim-css' href='https:\/\/wavethru.eu\/wp-content\/plugins\/unlimited-elements-for-elementor-premium\/assets_libraries\/font-awesome6\/fontawesome-v4-shims.min.css' type='text\/css' rel='stylesheet' >\n\n<style>\/* widget: Split Hero *\/\n\n#uc_split_hero_elementor_7aa622f *{\n\tbox-sizing: border-box;\n}\n#uc_split_hero_elementor_7aa622f\n{\n\tposition:relative;\n\toverflow:hidden;\n\tclear:both;\n    display:flex;\n}\n\n.uc_title\n{\n  font-size:32px;\n}\n\n#uc_split_hero_elementor_7aa622f .uc_btn\n{\n  display:inline-block;\n  text-decoration:none;\n  text-align:center;\n}\n\n#uc_split_hero_elementor_7aa622f .uc_container_left\n{\n  flex-grow: 1;\n}\n\n#uc_split_hero_elementor_7aa622f .uc_container_left\n{\n    display:flex;\n}\n\n#uc_split_hero_elementor_7aa622f .uc_container_left .uc_container_holder{\n\n  \n}\n#uc_split_hero_elementor_7aa622f a.uc_logo{\n\tdisplay:block;\n    text-decoration:none;\n}\n\n\n #uc_split_hero_elementor_7aa622f .uc_container_right {\n\tbackground-size:cover;\n    background-position:center;\n    background-blend-mode: normal;\n   flex-shrink: 0;\n}\n\n\n@media only screen and (max-width: 766px) {\n#uc_split_hero_elementor_7aa622f .uc_container_right\n{\n  width:100%;\n}\n    #uc_split_hero_elementor_7aa622f .uc_container_left\n{\n  width:100%;\n}\n\n}\n\n<\/style>\n\n<div class=\"uc_business_header ue-hero\" id=\"uc_split_hero_elementor_7aa622f\">\n    <div class=\"uc_container_right\" style=\"background-image:url(https:\/\/wavethru.eu\/wp-content\/uploads\/2025\/05\/smiling-hipster-using-his-phone-in-office-2025-04-03-21-54-52-utc.jpg);\">\n    \t\n    <\/div>\n    \n    <div class=\"uc_container_left\">\n        <div class=\"uc_container_holder\">\t\n\n        \t                        <h1 class=\"uc_title\">Parlons de votre prochain projet !<\/h1>            <div class=\"uc_subtitle\"><\/div>            <div class=\"uc_paragraph uc_text\">Compl\u00e9tez le formulaire ou appelez-nous pour organiser une consultation gratuite sur site et un audit de la connectivit\u00e9 mobile dans votre b\u00e2timent.<\/div>                    <\/div>\n    <\/div>\n<\/div>\n<!-- end Split Hero -->\t\t\t\t<\/div>\n\t\t\t\t<\/div>\n\t\t\t\t<\/div>\n\t\t<div class=\"elementor-element elementor-element-4034f61 e-flex e-con-boxed e-con e-parent\" data-id=\"4034f61\" data-element_type=\"container\" data-e-type=\"container\">\n\t\t\t\t\t<div class=\"e-con-inner\">\n\t\t\t\t<div class=\"elementor-element elementor-element-4b4104c elementor-widget elementor-widget-heading\" data-id=\"4b4104c\" data-element_type=\"widget\" data-e-type=\"widget\" data-widget_type=\"heading.default\">\n\t\t\t\t<div class=\"elementor-widget-container\">\n\t\t\t\t\t<h2 class=\"elementor-heading-title elementor-size-default\">Nous contacter<\/h2>\t\t\t\t<\/div>\n\t\t\t\t<\/div>\n\t\t\t\t<div class=\"elementor-element elementor-element-7f46dbf elementor-button-align-stretch elementor-widget elementor-widget-form\" data-id=\"7f46dbf\" data-element_type=\"widget\" data-e-type=\"widget\" data-settings=\"{&quot;button_width&quot;:&quot;33&quot;,&quot;step_next_label&quot;:&quot;Suivant&quot;,&quot;step_previous_label&quot;:&quot;Pr\\u00e9c\\u00e9dent&quot;,&quot;step_type&quot;:&quot;number_text&quot;,&quot;step_icon_shape&quot;:&quot;circle&quot;}\" data-widget_type=\"form.default\">\n\t\t\t\t<div class=\"elementor-widget-container\">\n\t\t\t\t\t\t\t<form class=\"elementor-form\" method=\"post\" name=\"Formulaire de contact\" aria-label=\"Formulaire de contact\">\n\t\t\t<input type=\"hidden\" name=\"post_id\" value=\"7479\"\/>\n\t\t\t<input type=\"hidden\" name=\"form_id\" value=\"7f46dbf\"\/>\n\t\t\t<input type=\"hidden\" name=\"referer_title\" value=\"WAVETHRU\" \/>\n\n\t\t\t\n\t\t\t<div class=\"elementor-form-fields-wrapper elementor-labels-above\">\n\t\t\t\t\t\t\t\t<div class=\"elementor-field-type-text elementor-field-group elementor-column elementor-field-group-first_name elementor-col-50 elementor-field-required elementor-mark-required\">\n\t\t\t\t\t\t\t\t\t\t\t\t<label for=\"form-field-first_name\" class=\"elementor-field-label\">\n\t\t\t\t\t\t\t\tPr\u00e9nom\t\t\t\t\t\t\t<\/label>\n\t\t\t\t\t\t\t\t\t\t\t\t\t\t<input size=\"1\" type=\"text\" name=\"form_fields[first_name]\" id=\"form-field-first_name\" class=\"elementor-field elementor-size-md  elementor-field-textual\" required=\"required\">\n\t\t\t\t\t\t\t\t\t\t\t<\/div>\n\t\t\t\t\t\t\t\t<div class=\"elementor-field-type-text elementor-field-group elementor-column elementor-field-group-last_name elementor-col-50 elementor-field-required elementor-mark-required\">\n\t\t\t\t\t\t\t\t\t\t\t\t<label for=\"form-field-last_name\" class=\"elementor-field-label\">\n\t\t\t\t\t\t\t\tNom\t\t\t\t\t\t\t<\/label>\n\t\t\t\t\t\t\t\t\t\t\t\t\t\t<input size=\"1\" type=\"text\" name=\"form_fields[last_name]\" id=\"form-field-last_name\" class=\"elementor-field elementor-size-md  elementor-field-textual\" required=\"required\">\n\t\t\t\t\t\t\t\t\t\t\t<\/div>\n\t\t\t\t\t\t\t\t<div class=\"elementor-field-type-text elementor-field-group elementor-column elementor-field-group-position elementor-col-100 elementor-field-required elementor-mark-required\">\n\t\t\t\t\t\t\t\t\t\t\t\t<label for=\"form-field-position\" class=\"elementor-field-label\">\n\t\t\t\t\t\t\t\tSoci\u00e9t\u00e9\t\t\t\t\t\t\t<\/label>\n\t\t\t\t\t\t\t\t\t\t\t\t\t\t<input size=\"1\" type=\"text\" name=\"form_fields[position]\" id=\"form-field-position\" class=\"elementor-field elementor-size-md  elementor-field-textual\" required=\"required\">\n\t\t\t\t\t\t\t\t\t\t\t<\/div>\n\t\t\t\t\t\t\t\t<div class=\"elementor-field-type-email elementor-field-group elementor-column elementor-field-group-email elementor-col-100 elementor-field-required elementor-mark-required\">\n\t\t\t\t\t\t\t\t\t\t\t\t<label for=\"form-field-email\" class=\"elementor-field-label\">\n\t\t\t\t\t\t\t\tE-mail\t\t\t\t\t\t\t<\/label>\n\t\t\t\t\t\t\t\t\t\t\t\t\t\t<input size=\"1\" type=\"email\" name=\"form_fields[email]\" id=\"form-field-email\" class=\"elementor-field elementor-size-md  elementor-field-textual\" required=\"required\">\n\t\t\t\t\t\t\t\t\t\t\t<\/div>\n\t\t\t\t\t\t\t\t<div class=\"elementor-field-type-textarea elementor-field-group elementor-column elementor-field-group-message elementor-col-100 elementor-field-required elementor-mark-required\">\n\t\t\t\t\t\t\t\t\t\t\t\t<label for=\"form-field-message\" class=\"elementor-field-label\">\n\t\t\t\t\t\t\t\tMessage\t\t\t\t\t\t\t<\/label>\n\t\t\t\t\t\t<textarea class=\"elementor-field-textual elementor-field  elementor-size-md\" name=\"form_fields[message]\" id=\"form-field-message\" rows=\"4\" placeholder=\"R\u00e9diger un message\" required=\"required\"><\/textarea>\t\t\t\t<\/div>\n\t\t\t\t\t\t\t\t<div class=\"elementor-field-type-acceptance elementor-field-group elementor-column elementor-field-group-acceptance elementor-col-100 elementor-field-required elementor-mark-required\">\n\t\t\t\t\t\t\t\t\t\t\t\t<label for=\"form-field-acceptance\" class=\"elementor-field-label\">\n\t\t\t\t\t\t\t\tPolitique de confidentialit\u00e9 \t\t\t\t\t\t\t<\/label>\n\t\t\t\t\t\t\t\t<div class=\"elementor-field-subgroup\">\n\t\t\t<span class=\"elementor-field-option\">\n\t\t\t\t<input type=\"checkbox\" name=\"form_fields[acceptance]\" id=\"form-field-acceptance\" class=\"elementor-field elementor-size-md  elementor-acceptance-field\" required=\"required\">\n\t\t\t\t<label for=\"form-field-acceptance\">AGC traite vos donn\u00e9es \u00e0 des fins d'information et de communication non commerciales. Veuillez lire notre politique de confidentialit\u00e9 pour en savoir plus sur vos donn\u00e9es et vos droits. En soumettant ce formulaire, vous consentez \u00e0 ce qu'AGC traite vos donn\u00e9es conform\u00e9ment \u00e0 cette <a href=\"https:\/\/www.agc-glass.eu\/en\/privacy-notice\" target=\"_blank\" rel=\"noopener noreferrer nofollow\">politique de confidentialit\u00e9<\/a>. Vous pouvez retirer votre consentement \u00e0 tout moment en envoyant un e-mail \u00e0 AGC.ISM.Office@agc.com.   <\/label>\t\t\t<\/span>\n\t\t<\/div>\n\t\t\t\t\t\t<\/div>\n\t\t\t\t\t\t\t\t<div class=\"elementor-field-type-hidden elementor-field-group elementor-column elementor-field-group-smart_tag elementor-col-100\">\n\t\t\t\t\t\t\t\t\t\t\t\t\t<input size=\"1\" type=\"hidden\" name=\"form_fields[smart_tag]\" id=\"form-field-smart_tag\" class=\"elementor-field elementor-size-md  elementor-field-textual\" value=\"5228615, 5228614\">\n\t\t\t\t\t\t\t\t\t\t\t<\/div>\n\t\t\t\t\t\t\t\t<div class=\"elementor-field-group elementor-column elementor-field-type-submit elementor-col-33 e-form__buttons\">\n\t\t\t\t\t<button class=\"elementor-button elementor-size-sm\" type=\"submit\">\n\t\t\t\t\t\t<span class=\"elementor-button-content-wrapper\">\n\t\t\t\t\t\t\t\t\t\t\t\t\t\t\t\t\t\t\t\t\t\t<span class=\"elementor-button-text\">Envoyer<\/span>\n\t\t\t\t\t\t\t\t\t\t\t\t\t<\/span>\n\t\t\t\t\t<\/button>\n\t\t\t\t<\/div>\n\t\t\t<\/div>\n\t\t<\/form>\n\t\t\t\t\t\t<\/div>\n\t\t\t\t<\/div>\n\t\t\t\t\t<\/div>\n\t\t\t\t<\/div>\n\t\t\t\t<\/div>\n\t\t","protected":false},"excerpt":{"rendered":"<p>Parlons de votre prochain projet ! Compl\u00e9tez le formulaire ou appelez-nous pour organiser une consultation gratuite sur site et un audit de la connectivit\u00e9 mobile dans votre b\u00e2timent. Nous contacter<\/p>\n","protected":false},"author":1,"featured_media":4764,"parent":0,"menu_order":2,"comment_status":"closed","ping_status":"closed","template":"","meta":{"_acf_changed":false,"footnotes":""},"class_list":["post-7479","page","type-page","status-publish","has-post-thumbnail","hentry"],"acf":[],"yoast_head":"<title>Nous contacter - WAVETHRU<\/title>\n<meta name=\"robots\" content=\"index, follow, max-snippet:-1, max-image-preview:large, max-video-preview:-1\" \/>\n<link rel=\"canonical\" href=\"https:\/\/wavethru.eu\/fr\/nous-contacter\/\" \/>\n<meta property=\"og:locale\" content=\"fr_FR\" \/>\n<meta property=\"og:type\" content=\"article\" \/>\n<meta property=\"og:title\" content=\"Nous contacter - WAVETHRU\" \/>\n<meta property=\"og:description\" content=\"Parlons de votre prochain projet ! Compl\u00e9tez le formulaire ou appelez-nous pour organiser une consultation gratuite sur site et un audit de la connectivit\u00e9 mobile dans votre b\u00e2timent. Nous contacter\" \/>\n<meta property=\"og:url\" content=\"https:\/\/wavethru.eu\/fr\/nous-contacter\/\" \/>\n<meta property=\"og:site_name\" content=\"WAVETHRU\" \/>\n<meta property=\"article:publisher\" content=\"http:\/\/www.facebook.com\/AGCGlassEurope\" \/>\n<meta property=\"article:modified_time\" content=\"2026-01-13T08:52:01+00:00\" \/>\n<meta property=\"og:image\" content=\"https:\/\/wavethru.eu\/wp-content\/uploads\/2025\/05\/smiling-hipster-using-his-phone-in-office-2025-04-03-21-54-52-utc.jpg\" \/>\n\t<meta property=\"og:image:width\" content=\"2400\" \/>\n\t<meta property=\"og:image:height\" content=\"1600\" \/>\n\t<meta property=\"og:image:type\" content=\"image\/jpeg\" \/>\n<meta name=\"twitter:card\" content=\"summary_large_image\" \/>\n<meta name=\"twitter:site\" content=\"@AGCGlassEurope\" \/>\n<script type=\"application\/ld+json\" class=\"yoast-schema-graph\">{\"@context\":\"https:\/\/schema.org\",\"@graph\":[{\"@type\":\"WebPage\",\"@id\":\"https:\/\/wavethru.eu\/fr\/nous-contacter\/\",\"url\":\"https:\/\/wavethru.eu\/fr\/nous-contacter\/\",\"name\":\"Nous contacter - WAVETHRU\",\"isPartOf\":{\"@id\":\"https:\/\/wavethru.eu\/fr\/#website\"},\"primaryImageOfPage\":{\"@id\":\"https:\/\/wavethru.eu\/fr\/nous-contacter\/#primaryimage\"},\"image\":{\"@id\":\"https:\/\/wavethru.eu\/fr\/nous-contacter\/#primaryimage\"},\"thumbnailUrl\":\"https:\/\/wavethru.eu\/wp-content\/uploads\/2025\/05\/smiling-hipster-using-his-phone-in-office-2025-04-03-21-54-52-utc.jpg\",\"datePublished\":\"2025-01-12T08:07:14+00:00\",\"dateModified\":\"2026-01-13T08:52:01+00:00\",\"breadcrumb\":{\"@id\":\"https:\/\/wavethru.eu\/fr\/nous-contacter\/#breadcrumb\"},\"inLanguage\":\"fr-FR\",\"potentialAction\":[{\"@type\":\"ReadAction\",\"target\":[\"https:\/\/wavethru.eu\/fr\/nous-contacter\/\"]}]},{\"@type\":\"ImageObject\",\"inLanguage\":\"fr-FR\",\"@id\":\"https:\/\/wavethru.eu\/fr\/nous-contacter\/#primaryimage\",\"url\":\"https:\/\/wavethru.eu\/wp-content\/uploads\/2025\/05\/smiling-hipster-using-his-phone-in-office-2025-04-03-21-54-52-utc.jpg\",\"contentUrl\":\"https:\/\/wavethru.eu\/wp-content\/uploads\/2025\/05\/smiling-hipster-using-his-phone-in-office-2025-04-03-21-54-52-utc.jpg\",\"width\":2400,\"height\":1600,\"caption\":\"Smiling hipster using his phone in office\"},{\"@type\":\"BreadcrumbList\",\"@id\":\"https:\/\/wavethru.eu\/fr\/nous-contacter\/#breadcrumb\",\"itemListElement\":[{\"@type\":\"ListItem\",\"position\":1,\"name\":\"Home\",\"item\":\"https:\/\/wavethru.eu\/fr\/\"},{\"@type\":\"ListItem\",\"position\":2,\"name\":\"Nous contacter\"}]},{\"@type\":\"WebSite\",\"@id\":\"https:\/\/wavethru.eu\/fr\/#website\",\"url\":\"https:\/\/wavethru.eu\/fr\/\",\"name\":\"WAVETHRU\",\"description\":\"Le Vitrage qui laisse passer le Signal Mobile\",\"publisher\":{\"@id\":\"https:\/\/wavethru.eu\/fr\/#organization\"},\"potentialAction\":[{\"@type\":\"SearchAction\",\"target\":{\"@type\":\"EntryPoint\",\"urlTemplate\":\"https:\/\/wavethru.eu\/fr\/?s={search_term_string}\"},\"query-input\":{\"@type\":\"PropertyValueSpecification\",\"valueRequired\":true,\"valueName\":\"search_term_string\"}}],\"inLanguage\":\"fr-FR\"},{\"@type\":\"Organization\",\"@id\":\"https:\/\/wavethru.eu\/fr\/#organization\",\"name\":\"WAVETHRU\",\"url\":\"https:\/\/wavethru.eu\/fr\/\",\"logo\":{\"@type\":\"ImageObject\",\"inLanguage\":\"fr-FR\",\"@id\":\"https:\/\/wavethru.eu\/fr\/#\/schema\/logo\/image\/\",\"url\":\"https:\/\/wavethru.eu\/wp-content\/uploads\/2025\/05\/wavethru_logo.svg\",\"contentUrl\":\"https:\/\/wavethru.eu\/wp-content\/uploads\/2025\/05\/wavethru_logo.svg\",\"caption\":\"WAVETHRU\"},\"image\":{\"@id\":\"https:\/\/wavethru.eu\/fr\/#\/schema\/logo\/image\/\"},\"sameAs\":[\"http:\/\/www.facebook.com\/AGCGlassEurope\",\"https:\/\/x.com\/AGCGlassEurope\",\"https:\/\/www.linkedin.com\/company\/agc\",\"http:\/\/www.youtube.com\/yourglass\",\"https:\/\/instagram.com\/agcglasseurope\"]}]}<\/script>","yoast_head_json":{"title":"Nous contacter - WAVETHRU","robots":{"index":"index","follow":"follow","max-snippet":"max-snippet:-1","max-image-preview":"max-image-preview:large","max-video-preview":"max-video-preview:-1"},"canonical":"https:\/\/wavethru.eu\/fr\/nous-contacter\/","og_locale":"fr_FR","og_type":"article","og_title":"Nous contacter - WAVETHRU","og_description":"Parlons de votre prochain projet ! Compl\u00e9tez le formulaire ou appelez-nous pour organiser une consultation gratuite sur site et un audit de la connectivit\u00e9 mobile dans votre b\u00e2timent. Nous contacter","og_url":"https:\/\/wavethru.eu\/fr\/nous-contacter\/","og_site_name":"WAVETHRU","article_publisher":"http:\/\/www.facebook.com\/AGCGlassEurope","article_modified_time":"2026-01-13T08:52:01+00:00","og_image":[{"width":2400,"height":1600,"url":"https:\/\/wavethru.eu\/wp-content\/uploads\/2025\/05\/smiling-hipster-using-his-phone-in-office-2025-04-03-21-54-52-utc.jpg","type":"image\/jpeg"}],"twitter_card":"summary_large_image","twitter_site":"@AGCGlassEurope","schema":{"@context":"https:\/\/schema.org","@graph":[{"@type":"WebPage","@id":"https:\/\/wavethru.eu\/fr\/nous-contacter\/","url":"https:\/\/wavethru.eu\/fr\/nous-contacter\/","name":"Nous contacter - WAVETHRU","isPartOf":{"@id":"https:\/\/wavethru.eu\/fr\/#website"},"primaryImageOfPage":{"@id":"https:\/\/wavethru.eu\/fr\/nous-contacter\/#primaryimage"},"image":{"@id":"https:\/\/wavethru.eu\/fr\/nous-contacter\/#primaryimage"},"thumbnailUrl":"https:\/\/wavethru.eu\/wp-content\/uploads\/2025\/05\/smiling-hipster-using-his-phone-in-office-2025-04-03-21-54-52-utc.jpg","datePublished":"2025-01-12T08:07:14+00:00","dateModified":"2026-01-13T08:52:01+00:00","breadcrumb":{"@id":"https:\/\/wavethru.eu\/fr\/nous-contacter\/#breadcrumb"},"inLanguage":"fr-FR","potentialAction":[{"@type":"ReadAction","target":["https:\/\/wavethru.eu\/fr\/nous-contacter\/"]}]},{"@type":"ImageObject","inLanguage":"fr-FR","@id":"https:\/\/wavethru.eu\/fr\/nous-contacter\/#primaryimage","url":"https:\/\/wavethru.eu\/wp-content\/uploads\/2025\/05\/smiling-hipster-using-his-phone-in-office-2025-04-03-21-54-52-utc.jpg","contentUrl":"https:\/\/wavethru.eu\/wp-content\/uploads\/2025\/05\/smiling-hipster-using-his-phone-in-office-2025-04-03-21-54-52-utc.jpg","width":2400,"height":1600,"caption":"Smiling hipster using his phone in office"},{"@type":"BreadcrumbList","@id":"https:\/\/wavethru.eu\/fr\/nous-contacter\/#breadcrumb","itemListElement":[{"@type":"ListItem","position":1,"name":"Home","item":"https:\/\/wavethru.eu\/fr\/"},{"@type":"ListItem","position":2,"name":"Nous contacter"}]},{"@type":"WebSite","@id":"https:\/\/wavethru.eu\/fr\/#website","url":"https:\/\/wavethru.eu\/fr\/","name":"WAVETHRU","description":"Le Vitrage qui laisse passer le Signal Mobile","publisher":{"@id":"https:\/\/wavethru.eu\/fr\/#organization"},"potentialAction":[{"@type":"SearchAction","target":{"@type":"EntryPoint","urlTemplate":"https:\/\/wavethru.eu\/fr\/?s={search_term_string}"},"query-input":{"@type":"PropertyValueSpecification","valueRequired":true,"valueName":"search_term_string"}}],"inLanguage":"fr-FR"},{"@type":"Organization","@id":"https:\/\/wavethru.eu\/fr\/#organization","name":"WAVETHRU","url":"https:\/\/wavethru.eu\/fr\/","logo":{"@type":"ImageObject","inLanguage":"fr-FR","@id":"https:\/\/wavethru.eu\/fr\/#\/schema\/logo\/image\/","url":"https:\/\/wavethru.eu\/wp-content\/uploads\/2025\/05\/wavethru_logo.svg","contentUrl":"https:\/\/wavethru.eu\/wp-content\/uploads\/2025\/05\/wavethru_logo.svg","caption":"WAVETHRU"},"image":{"@id":"https:\/\/wavethru.eu\/fr\/#\/schema\/logo\/image\/"},"sameAs":["http:\/\/www.facebook.com\/AGCGlassEurope","https:\/\/x.com\/AGCGlassEurope","https:\/\/www.linkedin.com\/company\/agc","http:\/\/www.youtube.com\/yourglass","https:\/\/instagram.com\/agcglasseurope"]}]}},"_links":{"self":[{"href":"https:\/\/wavethru.eu\/fr\/wp-json\/wp\/v2\/pages\/7479","targetHints":{"allow":["GET"]}}],"collection":[{"href":"https:\/\/wavethru.eu\/fr\/wp-json\/wp\/v2\/pages"}],"about":[{"href":"https:\/\/wavethru.eu\/fr\/wp-json\/wp\/v2\/types\/page"}],"author":[{"embeddable":true,"href":"https:\/\/wavethru.eu\/fr\/wp-json\/wp\/v2\/users\/1"}],"replies":[{"embeddable":true,"href":"https:\/\/wavethru.eu\/fr\/wp-json\/wp\/v2\/comments?post=7479"}],"version-history":[{"count":5,"href":"https:\/\/wavethru.eu\/fr\/wp-json\/wp\/v2\/pages\/7479\/revisions"}],"predecessor-version":[{"id":8979,"href":"https:\/\/wavethru.eu\/fr\/wp-json\/wp\/v2\/pages\/7479\/revisions\/8979"}],"wp:featuredmedia":[{"embeddable":true,"href":"https:\/\/wavethru.eu\/fr\/wp-json\/wp\/v2\/media\/4764"}],"wp:attachment":[{"href":"https:\/\/wavethru.eu\/fr\/wp-json\/wp\/v2\/media?parent=7479"}],"curies":[{"name":"wp","href":"https:\/\/api.w.org\/{rel}","templated":true}]}}